{"id":273,"date":"2021-05-08T10:16:31","date_gmt":"2021-05-08T10:16:31","guid":{"rendered":"https:\/\/zella.fi\/zella\/index.php\/training\/"},"modified":"2022-05-15T14:49:25","modified_gmt":"2022-05-15T14:49:25","slug":"tietosuojaseloste","status":"publish","type":"page","link":"https:\/\/zella.fi\/zella\/tietosuojaseloste\/","title":{"rendered":"tietosuojaseloste"},"content":{"rendered":"\t\t<div data-elementor-type=\"wp-page\" data-elementor-id=\"273\" class=\"elementor elementor-273\">\n\t\t\t\t\t\t<section class=\"elementor-section elementor-top-section elementor-element elementor-element-976cfd8 elementor-section-boxed elementor-section-height-default elementor-section-height-default\" data-id=\"976cfd8\" data-element_type=\"section\" data-settings=\"{&quot;background_background&quot;:&quot;classic&quot;}\">\n\t\t\t\t\t\t<div class=\"elementor-container elementor-column-gap-no\">\n\t\t\t\t\t<div class=\"elementor-column elementor-col-100 elementor-top-column elementor-element elementor-element-15114ca\" data-id=\"15114ca\" data-element_type=\"column\">\n\t\t\t<div class=\"elementor-widget-wrap elementor-element-populated\">\n\t\t\t\t\t\t<div class=\"elementor-element elementor-element-8ff1281 elementor-widget elementor-widget-heading\" data-id=\"8ff1281\" data-element_type=\"widget\" data-widget_type=\"heading.default\">\n\t\t\t\t<div class=\"elementor-widget-container\">\n\t\t\t\t\t<h1 class=\"elementor-heading-title elementor-size-default\">Tietosuojaseloste<\/h1>\t\t\t\t<\/div>\n\t\t\t\t<\/div>\n\t\t\t\t<div class=\"elementor-element elementor-element-3b5d4b4 elementor-widget-divider--view-line elementor-widget elementor-widget-divider\" data-id=\"3b5d4b4\" data-element_type=\"widget\" data-widget_type=\"divider.default\">\n\t\t\t\t<div class=\"elementor-widget-container\">\n\t\t\t\t\t\t\t<div class=\"elementor-divider\">\n\t\t\t<span class=\"elementor-divider-separator\">\n\t\t\t\t\t\t<\/span>\n\t\t<\/div>\n\t\t\t\t\t\t<\/div>\n\t\t\t\t<\/div>\n\t\t\t\t\t<\/div>\n\t\t<\/div>\n\t\t\t\t\t<\/div>\n\t\t<\/section>\n\t\t\t\t<section class=\"elementor-section elementor-top-section elementor-element elementor-element-df04508 elementor-section-boxed elementor-section-height-default elementor-section-height-default\" data-id=\"df04508\" data-element_type=\"section\">\n\t\t\t\t\t\t<div class=\"elementor-container elementor-column-gap-no\">\n\t\t\t\t\t<div class=\"elementor-column elementor-col-100 elementor-top-column elementor-element elementor-element-ab5b705\" data-id=\"ab5b705\" data-element_type=\"column\">\n\t\t\t<div class=\"elementor-widget-wrap elementor-element-populated\">\n\t\t\t\t\t\t<div class=\"elementor-element elementor-element-700adce elementor-widget elementor-widget-text-editor\" data-id=\"700adce\" data-element_type=\"widget\" data-widget_type=\"text-editor.default\">\n\t\t\t\t<div class=\"elementor-widget-container\">\n\t\t\t\t\t\t\t\t\t<h4>Rekisterinpit\u00e4j\u00e4<\/h4><div><div><p>Nimi:\u00a0 \u00a0 \u00a0 \u00a0 \u00a0 \u00a0 \u00a0 \u00a0 Zella Oy<br \/>Y-tunnus:\u00a0 \u00a0 \u00a0 \u00a03210502-6<br \/>Osoite:\u00a0 \u00a0 \u00a0 \u00a0 \u00a0 \u00a0 \u00a0\u00c4ij\u00e4l\u00e4ntie 29i, 40420 JYSK\u00c4<br \/>S\u00e4hk\u00f6posti:\u00a0 \u00a0info(at)zella.fi<\/p><p><strong style=\"color: var(--ast-global-color-2); font-family: Heebo, sans-serif; font-size: 1.375rem; font-style: inherit; background-color: var(--ast-global-color-4);\">Rekisterin k\u00e4ytt\u00f6tarkoitus<br \/><\/strong><span style=\"font-size: 16px;\">Ker\u00e4tt\u00e4vi\u00e4 henkil\u00f6tietoja k\u00e4ytet\u00e4\u00e4n:<br \/><\/span><\/p><p><span style=\"font-size: 16px;\">Neuvontapalveluiden tuottamiseen ja tarjoamiseen. Lis\u00e4ksi tietoja k\u00e4ytet\u00e4\u00e4n palveluiden kehitt\u00e4miseksi, asiakasviestinn\u00e4n ja -suhteiden hoitamiseksi, markkinoinnin sek\u00e4 mainonnan toteuttamiseksi.<\/span><\/p><\/div><\/div><h4><strong>Tietojen ker\u00e4\u00e4misen ja k\u00e4sittelyn peruste<\/strong><\/h4><p>Asiakkaan tietoja ker\u00e4t\u00e4\u00e4n ja k\u00e4sitell\u00e4\u00e4n asiakkaan suostumuksella, tai asiakkaan kanssa teht\u00e4v\u00e4n sopimuksen t\u00e4yt\u00e4nt\u00f6\u00f6n panemiseksi.<\/p><h4><strong>Rekisterin tietosis\u00e4lt\u00f6<\/strong><\/h4><p>Asiakkaan etu- ja sukunimi, asiakasnumero, osoitetiedot, puhelinnumero, sukupuoli, s\u00e4hk\u00f6posti, kielitaito, ty\u00f6kokemus, koulutus, p\u00e4tevyydet ja mahdolliset muut asiakkaan antamat lis\u00e4tiedot. Tiedot markkinoinnin luvista ja kielloista. Yrityksen Y-Tunnus<\/p><h4><strong>Tietojen s\u00e4ilytysaika<\/strong><\/h4><p>Henkil\u00f6tiedot s\u00e4ilytet\u00e4\u00e4n niin kauan, kun niit\u00e4 tarvitaan asiakkaan kanssa teht\u00e4v\u00e4n sopimuksen t\u00e4yt\u00e4nt\u00f6\u00f6npanemiseksi tai asiakaspalvelun kehitt\u00e4miseksi.<\/p><h4><strong>S\u00e4\u00e4nn\u00f6nmukaiset tietol\u00e4hteet<\/strong><\/h4><p>Rekisteriin ker\u00e4t\u00e4\u00e4n tietoja:<br \/>Henkil\u00f6lt\u00e4 itselt\u00e4\u00e4n. Viranomaisen pit\u00e4mist\u00e4 rekistereist\u00e4 lain sallimissa rajoissa (esim. ytj.fi). Tietoja ker\u00e4t\u00e4\u00e4n my\u00f6s analytiikkaty\u00f6kalujen (esim. Google Analytics) avulla.<\/p><h4><strong>S\u00e4\u00e4nn\u00f6nmukaiset tietojen luovutukset ja tietojen siirto EU:n tai Euroopan talousalueen ulkopuolelle<\/strong><\/h4><p>Tietoja ei s\u00e4\u00e4nn\u00f6nmukaisesti luovuteta yrityksen ulkopuolelle. Osa yrityksen k\u00e4ytt\u00e4mist\u00e4 ulkopuolisista palvelun- tai ohjelmistontarjoajista saattavat s\u00e4ilytt\u00e4\u00e4 tietoja EU:n tai Euroopan talousalueen ulkopuolella.<\/p><h4><strong>Ev\u00e4steiden (cookies) k\u00e4ytt\u00f6<\/strong><\/h4><p>K\u00e4yt\u00e4mme sivuillamme ns. cookie-toimintoa eli ev\u00e4steit\u00e4. Ev\u00e4ste on pieni, k\u00e4ytt\u00e4j\u00e4n tietokoneelle l\u00e4hetett\u00e4v\u00e4 ja siell\u00e4 s\u00e4ilytett\u00e4v\u00e4 tekstitiedosto, joka mahdollistaa internet-sivujen yll\u00e4pit\u00e4j\u00e4n tunnistamaan usein sivuilla vierailevat k\u00e4vij\u00e4t, helpottamaan k\u00e4vij\u00f6iden kirjautumista sivuille sek\u00e4 mahdollistamaan yhdistelm\u00e4tiedon laatimisen k\u00e4vij\u00f6ist\u00e4. T\u00e4m\u00e4n palautteen avulla pystymme jatkuvasti parantamaan sivujemme sis\u00e4lt\u00f6\u00e4. Ev\u00e4steet eiv\u00e4t vahingoita k\u00e4ytt\u00e4jien tietokoneita tai tiedostoja. K\u00e4yt\u00e4mme niit\u00e4 siten, ett\u00e4 voimme tarjota asiakkaillemme kunkin yksil\u00f6ityjen tarpeiden mukaisia tietoja ja palveluita.<\/p><p>Mik\u00e4li sivuillamme vieraileva k\u00e4ytt\u00e4j\u00e4 ei halua meid\u00e4n saavan edell\u00e4 mainittuja tietoja ev\u00e4steiden avulla, useimmat selainohjelmat mahdollistavat ev\u00e4ste-toiminnon poiskytkemisen. T\u00e4m\u00e4 tapahtuu yleens\u00e4 selaimen asetuksien kautta.<\/p><p>On kuitenkin hyv\u00e4 ottaa huomioon se, ett\u00e4 ev\u00e4steet voivat olla tarpeellisia joidenkin yll\u00e4pit\u00e4miemme sivujen ja tarjoamiemme palveluiden asianmukaiselle toimimiselle.<\/p><h4><strong>Rekisterin suojaus<\/strong><\/h4><p>Tiedot siirret\u00e4\u00e4n SSL-suojatun yhteyden ylitse.<\/p><p>S\u00e4hk\u00f6iset tiedot on suojattu palomuurilla, k\u00e4ytt\u00e4j\u00e4tunnuksin ja salasanoin.<\/p><p>Tietojen k\u00e4ytt\u00f6oikeus on vain niill\u00e4 rekisterinpit\u00e4j\u00e4n palveluksessa olevilla henkil\u00f6ill\u00e4, jotka tarvitsevat tietoja teht\u00e4viss\u00e4\u00e4n.<\/p><h4><strong>Automaattinen p\u00e4\u00e4t\u00f6ksenteko<\/strong><\/h4><p>Automatisoituja yksitt\u00e4isp\u00e4\u00e4t\u00f6ksi\u00e4 (EU:n tietosuoja-asetuksen artikla 22) ei tehd\u00e4.<\/p><h4><strong>Rekister\u00f6idyn oikeudet<\/strong><\/h4><p>Rekister\u00f6idyll\u00e4 on oikeus tarkastaa, mit\u00e4 h\u00e4nt\u00e4 koskevia tietoja henkil\u00f6tietorekisteriin on talletettu. Kirjallinen tarkastuspyynt\u00f6 tulee l\u00e4hett\u00e4\u00e4 allekirjoitettuna rekisteriasioista vastaavalle henkil\u00f6lle.<\/p><p>Tarkastusoikeus on maksuton enint\u00e4\u00e4n kerran vuodessa toteutettuna.<\/p><p>Rekister\u00f6idyll\u00e4 on oikeus vaatia virheellisten tai vanhentuneiden tietojen oikaisua tai poistamista tai tietojen siirtoa j\u00e4rjestelm\u00e4st\u00e4 toiseen. H\u00e4nell\u00e4 on my\u00f6s oikeus rajoittaa tai vastustaa tietojensa k\u00e4sittely\u00e4 EU:n tietosuoja-asetuksen artiklojen 18 ja 21 mukaisesti.<\/p><p>Rekister\u00f6idyll\u00e4 on oikeus peruuttaa aiemmin antamansa suostumus tietojen k\u00e4sittelylle tai tehd\u00e4 henkil\u00f6tietojensa k\u00e4sittelyyn liittyvist\u00e4 seikoista valitus valvontaviranomaiselle.<\/p><p>Rekister\u00f6idyll\u00e4 on my\u00f6s oikeus kielt\u00e4\u00e4 tietojensa k\u00e4ytt\u00f6 suoramarkkinointitarkoituksiin.<\/p><h4><strong>Tietojen p\u00e4ivitt\u00e4minen<\/strong><\/h4><p>Asiakas voi p\u00e4ivitt\u00e4\u00e4 nimi- ja osoitetietojaan ottamalla yhteytt\u00e4 sivuston yll\u00e4pit\u00e4j\u00e4\u00e4n osoitteessa info(at)rewolt.fi.<\/p><h4><strong>K\u00e4ytt\u00e4j\u00e4n suostumus<\/strong><\/h4><p>Sivustoa k\u00e4ytt\u00e4m\u00e4ll\u00e4 hyv\u00e4ksyt tietosuojak\u00e4yt\u00e4nt\u00f6mme ja sen ehdot.<\/p>\t\t\t\t\t\t\t\t<\/div>\n\t\t\t\t<\/div>\n\t\t\t\t\t<\/div>\n\t\t<\/div>\n\t\t\t\t\t<\/div>\n\t\t<\/section>\n\t\t\t\t<\/div>\n\t\t","protected":false},"excerpt":{"rendered":"<p>Tietosuojaseloste Rekisterinpit\u00e4j\u00e4 Nimi:\u00a0 \u00a0 \u00a0 \u00a0 \u00a0 \u00a0 \u00a0 \u00a0 Zella OyY-tunnus:\u00a0 \u00a0 \u00a0 \u00a03210502-6Osoite:\u00a0 \u00a0 \u00a0 \u00a0 \u00a0 \u00a0 \u00a0\u00c4ij\u00e4l\u00e4ntie 29i, 40420 JYSK\u00c4S\u00e4hk\u00f6posti:\u00a0 \u00a0info(at)zella.fi Rekisterin k\u00e4ytt\u00f6tarkoitusKer\u00e4tt\u00e4vi\u00e4 henkil\u00f6tietoja k\u00e4ytet\u00e4\u00e4n: Neuvontapalveluiden tuottamiseen ja tarjoamiseen. Lis\u00e4ksi tietoja k\u00e4ytet\u00e4\u00e4n palveluiden kehitt\u00e4miseksi, asiakasviestinn\u00e4n ja -suhteiden hoitamiseksi, markkinoinnin sek\u00e4 mainonnan toteuttamiseksi. Tietojen ker\u00e4\u00e4misen ja k\u00e4sittelyn peruste Asiakkaan tietoja ker\u00e4t\u00e4\u00e4n ja [&hellip;]<\/p>\n","protected":false},"author":1,"featured_media":0,"parent":0,"menu_order":0,"comment_status":"closed","ping_status":"closed","template":"","meta":{"site-sidebar-layout":"no-sidebar","site-content-layout":"page-builder","ast-site-content-layout":"default","site-content-style":"default","site-sidebar-style":"default","ast-global-header-display":"","ast-banner-title-visibility":"","ast-main-header-display":"","ast-hfb-above-header-display":"","ast-hfb-below-header-display":"","ast-hfb-mobile-header-display":"","site-post-title":"disabled","ast-breadcrumbs-content":"disabled","ast-featured-img":"disabled","footer-sml-layout":"","ast-disable-related-posts":"","theme-transparent-header-meta":"enabled","adv-header-id-meta":"","stick-header-meta":"","header-above-stick-meta":"","header-main-stick-meta":"","header-below-stick-meta":"","astra-migrate-meta-layouts":"default","ast-page-background-enabled":"default","ast-page-background-meta":{"desktop":{"background-color":"","background-image":"","background-repeat":"repeat","background-position":"center center","background-size":"auto","background-attachment":"scroll","background-type":"","background-media":"","overlay-type":"","overlay-color":"","overlay-opacity":"","overlay-gradient":""},"tablet":{"background-color":"","background-image":"","background-repeat":"repeat","background-position":"center center","background-size":"auto","background-attachment":"scroll","background-type":"","background-media":"","overlay-type":"","overlay-color":"","overlay-opacity":"","overlay-gradient":""},"mobile":{"background-color":"","background-image":"","background-repeat":"repeat","background-position":"center center","background-size":"auto","background-attachment":"scroll","background-type":"","background-media":"","overlay-type":"","overlay-color":"","overlay-opacity":"","overlay-gradient":""}},"ast-content-background-meta":{"desktop":{"background-color":"var(--ast-global-color-5)","background-image":"","background-repeat":"repeat","background-position":"center center","background-size":"auto","background-attachment":"scroll","background-type":"","background-media":"","overlay-type":"","overlay-color":"","overlay-opacity":"","overlay-gradient":""},"tablet":{"background-color":"var(--ast-global-color-5)","background-image":"","background-repeat":"repeat","background-position":"center center","background-size":"auto","background-attachment":"scroll","background-type":"","background-media":"","overlay-type":"","overlay-color":"","overlay-opacity":"","overlay-gradient":""},"mobile":{"background-color":"var(--ast-global-color-5)","background-image":"","background-repeat":"repeat","background-position":"center center","background-size":"auto","background-attachment":"scroll","background-type":"","background-media":"","overlay-type":"","overlay-color":"","overlay-opacity":"","overlay-gradient":""}},"footnotes":""},"class_list":["post-273","page","type-page","status-publish","hentry"],"_links":{"self":[{"href":"https:\/\/zella.fi\/zella\/wp-json\/wp\/v2\/pages\/273","targetHints":{"allow":["GET"]}}],"collection":[{"href":"https:\/\/zella.fi\/zella\/wp-json\/wp\/v2\/pages"}],"about":[{"href":"https:\/\/zella.fi\/zella\/wp-json\/wp\/v2\/types\/page"}],"author":[{"embeddable":true,"href":"https:\/\/zella.fi\/zella\/wp-json\/wp\/v2\/users\/1"}],"replies":[{"embeddable":true,"href":"https:\/\/zella.fi\/zella\/wp-json\/wp\/v2\/comments?post=273"}],"version-history":[{"count":5,"href":"https:\/\/zella.fi\/zella\/wp-json\/wp\/v2\/pages\/273\/revisions"}],"predecessor-version":[{"id":1030,"href":"https:\/\/zella.fi\/zella\/wp-json\/wp\/v2\/pages\/273\/revisions\/1030"}],"wp:attachment":[{"href":"https:\/\/zella.fi\/zella\/wp-json\/wp\/v2\/media?parent=273"}],"curies":[{"name":"wp","href":"https:\/\/api.w.org\/{rel}","templated":true}]}}